{"id":1675,"date":"2025-01-04T15:14:28","date_gmt":"2025-01-04T12:14:28","guid":{"rendered":"https:\/\/www.ansimodglobal.com\/en\/?post_type=product&#038;p=1675"},"modified":"2025-01-04T15:14:28","modified_gmt":"2025-01-04T12:14:28","slug":"natura","status":"publish","type":"product","link":"https:\/\/www.ansimodglobal.com\/en\/urun\/natura\/","title":{"rendered":"NATURA"},"content":{"rendered":"","protected":false},"excerpt":{"rendered":"<p><strong>Sizin i\u00e7in tasarl\u0131yor, T\u00fcrkiye i\u00e7in \u00fcretiyoruz.<\/strong><br \/>\nNelere ihtiyac\u0131n\u0131z oldu\u011funu biliyor ve d\u00fcnyan\u0131n tasar\u0131m trendini ara\u015ft\u0131rarak sizin i\u00e7in en do\u011frusunu \u00fcretiyoruz.<\/p>\n<p><strong>30 Y\u0131l\u0131n tecr\u00fcbesi ile geli\u015ftiriyoruz.<\/strong><br \/>\nKullan\u0131c\u0131 deneyimine dayal\u0131, sa\u011flam, modern, kullan\u0131\u015fl\u0131 ve \u015f\u0131k \u00fcr\u00fcnleri sizinle bulu\u015fturmak ad\u0131na fabrikam\u0131zda \u00fcretiyoruz.<\/p>\n<p><strong>T\u00fcrkiye\u2019deyiz.<\/strong><br \/>\nT\u00fcm T\u00fcrkiye\u2019ye \u00f6zenle ambalajlanm\u0131\u015f \u00fcr\u00fcnlerimizi h\u0131zla sevk ediyor ve hak edilen kalitenin herkes taraf\u0131ndan ya\u015fanmas\u0131 i\u00e7in b\u00fcy\u00fck \u00e7aba veriyoruz.<\/p>\n","protected":false},"featured_media":1676,"comment_status":"open","ping_status":"closed","template":"","meta":[],"product_cat":[29],"product_tag":[],"class_list":{"0":"post-1675","1":"product","2":"type-product","3":"status-publish","4":"has-post-thumbnail","6":"product_cat-accessories","8":"first","9":"instock","10":"shipping-taxable","11":"product-type-simple"},"_links":{"self":[{"href":"https:\/\/www.ansimodglobal.com\/en\/wp-json\/wp\/v2\/product\/1675","targetHints":{"allow":["GET"]}}],"collection":[{"href":"https:\/\/www.ansimodglobal.com\/en\/wp-json\/wp\/v2\/product"}],"about":[{"href":"https:\/\/www.ansimodglobal.com\/en\/wp-json\/wp\/v2\/types\/product"}],"replies":[{"embeddable":true,"href":"https:\/\/www.ansimodglobal.com\/en\/wp-json\/wp\/v2\/comments?post=1675"}],"version-history":[{"count":1,"href":"https:\/\/www.ansimodglobal.com\/en\/wp-json\/wp\/v2\/product\/1675\/revisions"}],"predecessor-version":[{"id":1678,"href":"https:\/\/www.ansimodglobal.com\/en\/wp-json\/wp\/v2\/product\/1675\/revisions\/1678"}],"wp:featuredmedia":[{"embeddable":true,"href":"https:\/\/www.ansimodglobal.com\/en\/wp-json\/wp\/v2\/media\/1676"}],"wp:attachment":[{"href":"https:\/\/www.ansimodglobal.com\/en\/wp-json\/wp\/v2\/media?parent=1675"}],"wp:term":[{"taxonomy":"product_cat","embeddable":true,"href":"https:\/\/www.ansimodglobal.com\/en\/wp-json\/wp\/v2\/product_cat?post=1675"},{"taxonomy":"product_tag","embeddable":true,"href":"https:\/\/www.ansimodglobal.com\/en\/wp-json\/wp\/v2\/product_tag?post=1675"}],"curies":[{"name":"wp","href":"https:\/\/api.w.org\/{rel}","templated":true}]}}