{"id":1716,"date":"2025-01-04T15:43:52","date_gmt":"2025-01-04T12:43:52","guid":{"rendered":"https:\/\/www.ansimodglobal.com\/en\/?post_type=product&#038;p=1716"},"modified":"2025-01-04T15:46:41","modified_gmt":"2025-01-04T12:46:41","slug":"hunkar","status":"publish","type":"product","link":"https:\/\/www.ansimodglobal.com\/en\/urun\/hunkar\/","title":{"rendered":"H\u00dcNKAR"},"content":{"rendered":"","protected":false},"excerpt":{"rendered":"<p>1990 YILINDA KURULAN HOMLUX MOB\u0130LYA KLAS\u0130K VE L\u00dcX MOB\u0130LYALAR \u00dcRETMEKTED\u0130R. AMACI YURT \u0130\u00c7\u0130 VE YURT DI\u015eI <a name=\"_GoBack\"><\/a>M\u00dc\u015eTER\u0130LER\u0130NE SA\u011eLAM VE KAL\u0130TEL\u0130 MOB\u0130LYA SUNMAKTIR.<\/p>\n","protected":false},"featured_media":1718,"comment_status":"open","ping_status":"closed","template":"","meta":[],"product_cat":[32],"product_tag":[],"class_list":{"0":"post-1716","1":"product","2":"type-product","3":"status-publish","4":"has-post-thumbnail","6":"product_cat-sofas","8":"first","9":"instock","10":"shipping-taxable","11":"product-type-simple"},"_links":{"self":[{"href":"https:\/\/www.ansimodglobal.com\/en\/wp-json\/wp\/v2\/product\/1716","targetHints":{"allow":["GET"]}}],"collection":[{"href":"https:\/\/www.ansimodglobal.com\/en\/wp-json\/wp\/v2\/product"}],"about":[{"href":"https:\/\/www.ansimodglobal.com\/en\/wp-json\/wp\/v2\/types\/product"}],"replies":[{"embeddable":true,"href":"https:\/\/www.ansimodglobal.com\/en\/wp-json\/wp\/v2\/comments?post=1716"}],"version-history":[{"count":1,"href":"https:\/\/www.ansimodglobal.com\/en\/wp-json\/wp\/v2\/product\/1716\/revisions"}],"predecessor-version":[{"id":1720,"href":"https:\/\/www.ansimodglobal.com\/en\/wp-json\/wp\/v2\/product\/1716\/revisions\/1720"}],"wp:featuredmedia":[{"embeddable":true,"href":"https:\/\/www.ansimodglobal.com\/en\/wp-json\/wp\/v2\/media\/1718"}],"wp:attachment":[{"href":"https:\/\/www.ansimodglobal.com\/en\/wp-json\/wp\/v2\/media?parent=1716"}],"wp:term":[{"taxonomy":"product_cat","embeddable":true,"href":"https:\/\/www.ansimodglobal.com\/en\/wp-json\/wp\/v2\/product_cat?post=1716"},{"taxonomy":"product_tag","embeddable":true,"href":"https:\/\/www.ansimodglobal.com\/en\/wp-json\/wp\/v2\/product_tag?post=1716"}],"curies":[{"name":"wp","href":"https:\/\/api.w.org\/{rel}","templated":true}]}}