{"id":1752,"date":"2025-01-04T16:03:49","date_gmt":"2025-01-04T13:03:49","guid":{"rendered":"https:\/\/www.ansimodglobal.com\/en\/?post_type=product&#038;p=1752"},"modified":"2025-01-04T16:03:49","modified_gmt":"2025-01-04T13:03:49","slug":"amore","status":"publish","type":"product","link":"https:\/\/www.ansimodglobal.com\/en\/urun\/amore\/","title":{"rendered":"AMORE"},"content":{"rendered":"","protected":false},"excerpt":{"rendered":"<div class=\"page\" title=\"Page 2\">\n<div class=\"layoutArea\">\n<div class=\"column\">\n<p>Estetik tasar\u0131m\u0131 sayesinde Amore sandalyemiz bulundug\u0306u ortama gu\u0308zel bir dokunus\u0327 katar. Ergonomik yap\u0131s\u0131yla da rahatl\u0131g\u0306\u0131 ve konforu sizlerle bulus\u0327turur.<\/p>\n<p>52 cm derinlik, 57 cm genis\u0327lik, 77 cm yu\u0308kseklik<br \/>\nAhs\u0327ap Renk: Natural, Metaryal: Kay\u0131n ahs\u0327ap \/\/ Kumas\u0327<br \/>\nDo\u0308s\u0327eme Rengi I\u0307steg\u0306e Go\u0308re Deg\u0306is\u0327tirilebilir. Ahs\u0327ap Rengi I\u0307steg\u0306e Go\u0308re Deg\u0306is\u0327tirilebilir.<\/p>\n<\/div>\n<\/div>\n<\/div>\n","protected":false},"featured_media":1753,"comment_status":"open","ping_status":"closed","template":"","meta":[],"product_cat":[31],"product_tag":[],"class_list":{"0":"post-1752","1":"product","2":"type-product","3":"status-publish","4":"has-post-thumbnail","6":"product_cat-chairs","8":"first","9":"instock","10":"shipping-taxable","11":"product-type-simple"},"_links":{"self":[{"href":"https:\/\/www.ansimodglobal.com\/en\/wp-json\/wp\/v2\/product\/1752","targetHints":{"allow":["GET"]}}],"collection":[{"href":"https:\/\/www.ansimodglobal.com\/en\/wp-json\/wp\/v2\/product"}],"about":[{"href":"https:\/\/www.ansimodglobal.com\/en\/wp-json\/wp\/v2\/types\/product"}],"replies":[{"embeddable":true,"href":"https:\/\/www.ansimodglobal.com\/en\/wp-json\/wp\/v2\/comments?post=1752"}],"version-history":[{"count":1,"href":"https:\/\/www.ansimodglobal.com\/en\/wp-json\/wp\/v2\/product\/1752\/revisions"}],"predecessor-version":[{"id":1756,"href":"https:\/\/www.ansimodglobal.com\/en\/wp-json\/wp\/v2\/product\/1752\/revisions\/1756"}],"wp:featuredmedia":[{"embeddable":true,"href":"https:\/\/www.ansimodglobal.com\/en\/wp-json\/wp\/v2\/media\/1753"}],"wp:attachment":[{"href":"https:\/\/www.ansimodglobal.com\/en\/wp-json\/wp\/v2\/media?parent=1752"}],"wp:term":[{"taxonomy":"product_cat","embeddable":true,"href":"https:\/\/www.ansimodglobal.com\/en\/wp-json\/wp\/v2\/product_cat?post=1752"},{"taxonomy":"product_tag","embeddable":true,"href":"https:\/\/www.ansimodglobal.com\/en\/wp-json\/wp\/v2\/product_tag?post=1752"}],"curies":[{"name":"wp","href":"https:\/\/api.w.org\/{rel}","templated":true}]}}