{"id":1757,"date":"2025-01-04T16:05:36","date_gmt":"2025-01-04T13:05:36","guid":{"rendered":"https:\/\/www.ansimodglobal.com\/en\/?post_type=product&#038;p=1757"},"modified":"2025-01-04T16:05:36","modified_gmt":"2025-01-04T13:05:36","slug":"madrid","status":"publish","type":"product","link":"https:\/\/www.ansimodglobal.com\/en\/urun\/madrid\/","title":{"rendered":"MADR\u0130D"},"content":{"rendered":"","protected":false},"excerpt":{"rendered":"<div class=\"page\" title=\"Page 3\">\n<div class=\"layoutArea\">\n<div class=\"column\">\n<p>D\u0131s\u0327 mekan ve ic\u0327 mekanlarda kullan\u0131labilen, rattan o\u0308rme yo\u0308ntemiyle u\u0308retilen sandalyemiz uzun su\u0308re dayan\u0131kl\u0131l\u0131k sag\u0306lar. Estetik ve o\u0308zgu\u0308n tasar\u0131m\u0131yla sizlere rahatl\u0131g\u0306\u0131 ve konforu sunar.<\/p>\n<p>60 cm derinlik, 60 cm genis\u0327lik, 80 cm yu\u0308kseklik<br \/>\nAhs\u0327ap Renk: Natural, Metaryal: Kestane ahs\u0327ap \/\/ Sentetik Rattan<\/p>\n<\/div>\n<\/div>\n<\/div>\n","protected":false},"featured_media":1758,"comment_status":"open","ping_status":"closed","template":"","meta":[],"product_cat":[31],"product_tag":[],"class_list":{"0":"post-1757","1":"product","2":"type-product","3":"status-publish","4":"has-post-thumbnail","6":"product_cat-chairs","8":"first","9":"instock","10":"shipping-taxable","11":"product-type-simple"},"_links":{"self":[{"href":"https:\/\/www.ansimodglobal.com\/en\/wp-json\/wp\/v2\/product\/1757","targetHints":{"allow":["GET"]}}],"collection":[{"href":"https:\/\/www.ansimodglobal.com\/en\/wp-json\/wp\/v2\/product"}],"about":[{"href":"https:\/\/www.ansimodglobal.com\/en\/wp-json\/wp\/v2\/types\/product"}],"replies":[{"embeddable":true,"href":"https:\/\/www.ansimodglobal.com\/en\/wp-json\/wp\/v2\/comments?post=1757"}],"version-history":[{"count":1,"href":"https:\/\/www.ansimodglobal.com\/en\/wp-json\/wp\/v2\/product\/1757\/revisions"}],"predecessor-version":[{"id":1762,"href":"https:\/\/www.ansimodglobal.com\/en\/wp-json\/wp\/v2\/product\/1757\/revisions\/1762"}],"wp:featuredmedia":[{"embeddable":true,"href":"https:\/\/www.ansimodglobal.com\/en\/wp-json\/wp\/v2\/media\/1758"}],"wp:attachment":[{"href":"https:\/\/www.ansimodglobal.com\/en\/wp-json\/wp\/v2\/media?parent=1757"}],"wp:term":[{"taxonomy":"product_cat","embeddable":true,"href":"https:\/\/www.ansimodglobal.com\/en\/wp-json\/wp\/v2\/product_cat?post=1757"},{"taxonomy":"product_tag","embeddable":true,"href":"https:\/\/www.ansimodglobal.com\/en\/wp-json\/wp\/v2\/product_tag?post=1757"}],"curies":[{"name":"wp","href":"https:\/\/api.w.org\/{rel}","templated":true}]}}