{"id":1763,"date":"2025-01-04T16:07:11","date_gmt":"2025-01-04T13:07:11","guid":{"rendered":"https:\/\/www.ansimodglobal.com\/en\/?post_type=product&#038;p=1763"},"modified":"2025-01-04T16:07:11","modified_gmt":"2025-01-04T13:07:11","slug":"oscar","status":"publish","type":"product","link":"https:\/\/www.ansimodglobal.com\/en\/urun\/oscar\/","title":{"rendered":"OSCAR"},"content":{"rendered":"","protected":false},"excerpt":{"rendered":"<div class=\"page\" title=\"Page 3\">\n<div class=\"layoutArea\">\n<div class=\"column\">\n<p>Es\u0327siz tasar\u0131m\u0131yla kullan\u0131ld\u0131g\u0306\u0131 mekana estetik bir dokunus\u0327 katan D\u0131s\u0327 mekan ve ic\u0327 mekanlarda kullan\u0131labilen, rattan o\u0308rme yo\u0308ntemiyle u\u0308retilen sandalyemiz uzun su\u0308re dayan\u0131kl\u0131l\u0131k sag\u0306lar. Estetik ve o\u0308zgu\u0308n tasar\u0131m\u0131yla sizlere rahatl\u0131g\u0306\u0131 ve konforu sunar.<\/p>\n<p>52 cm derinlik, 50 cm genis\u0327lik, 75 cm yu\u0308kseklik<br \/>\nAhs\u0327ap Renk: Natural, Metaryal: Teak ahs\u0327ap \/\/ Sentetik Rattan<\/p>\n<\/div>\n<\/div>\n<\/div>\n","protected":false},"featured_media":1764,"comment_status":"open","ping_status":"closed","template":"","meta":[],"product_cat":[31],"product_tag":[],"class_list":{"0":"post-1763","1":"product","2":"type-product","3":"status-publish","4":"has-post-thumbnail","6":"product_cat-chairs","8":"first","9":"instock","10":"shipping-taxable","11":"product-type-simple"},"_links":{"self":[{"href":"https:\/\/www.ansimodglobal.com\/en\/wp-json\/wp\/v2\/product\/1763","targetHints":{"allow":["GET"]}}],"collection":[{"href":"https:\/\/www.ansimodglobal.com\/en\/wp-json\/wp\/v2\/product"}],"about":[{"href":"https:\/\/www.ansimodglobal.com\/en\/wp-json\/wp\/v2\/types\/product"}],"replies":[{"embeddable":true,"href":"https:\/\/www.ansimodglobal.com\/en\/wp-json\/wp\/v2\/comments?post=1763"}],"version-history":[{"count":1,"href":"https:\/\/www.ansimodglobal.com\/en\/wp-json\/wp\/v2\/product\/1763\/revisions"}],"predecessor-version":[{"id":1768,"href":"https:\/\/www.ansimodglobal.com\/en\/wp-json\/wp\/v2\/product\/1763\/revisions\/1768"}],"wp:featuredmedia":[{"embeddable":true,"href":"https:\/\/www.ansimodglobal.com\/en\/wp-json\/wp\/v2\/media\/1764"}],"wp:attachment":[{"href":"https:\/\/www.ansimodglobal.com\/en\/wp-json\/wp\/v2\/media?parent=1763"}],"wp:term":[{"taxonomy":"product_cat","embeddable":true,"href":"https:\/\/www.ansimodglobal.com\/en\/wp-json\/wp\/v2\/product_cat?post=1763"},{"taxonomy":"product_tag","embeddable":true,"href":"https:\/\/www.ansimodglobal.com\/en\/wp-json\/wp\/v2\/product_tag?post=1763"}],"curies":[{"name":"wp","href":"https:\/\/api.w.org\/{rel}","templated":true}]}}