{"id":1789,"date":"2025-01-04T16:16:08","date_gmt":"2025-01-04T13:16:08","guid":{"rendered":"https:\/\/www.ansimodglobal.com\/en\/?post_type=product&#038;p=1789"},"modified":"2025-01-04T16:16:08","modified_gmt":"2025-01-04T13:16:08","slug":"vals","status":"publish","type":"product","link":"https:\/\/www.ansimodglobal.com\/en\/urun\/vals\/","title":{"rendered":"VALS"},"content":{"rendered":"","protected":false},"excerpt":{"rendered":"<div class=\"page\" title=\"Page 1\">\n<div class=\"layoutArea\">\n<div class=\"column\">\n<p>Masif Ceviz ag\u0306ac\u0131ndan yap\u0131lan, ergonomik ve is\u0327levsel tasar\u0131m\u0131yla Vals sandalyemiz sizlere konforu, rahatl\u0131g\u0306\u0131 sunar. Kaliteli ve dayan\u0131kl\u0131 malzemesi sayesinde uzun y\u0131llar su\u0308rdu\u0308rebilir kullan\u0131m sag\u0306lar. Tasar\u0131m\u0131 ve dokusuyla yas\u0327am alan\u0131n\u0131za dog\u0306adan bir dokunus\u0327 katar.<\/p>\n<p>55 cm derinlik, 57 cm genis\u0327lik, 75 cm yu\u0308kseklik<br \/>\nAhs\u0327ap Renk: Natural,<br \/>\nMetaryal: Ceviz Ahs\u0327ap \/\/ Kumas\u0327<br \/>\nDo\u0308s\u0327eme Rengi I\u0307steg\u0306e Go\u0308re Deg\u0306is\u0327tirilebilir. Ahs\u0327ap Rengi I\u0307steg\u0306e Go\u0308re Deg\u0306is\u0327tirilebilir.<\/p>\n<\/div>\n<\/div>\n<\/div>\n","protected":false},"featured_media":1790,"comment_status":"open","ping_status":"closed","template":"","meta":[],"product_cat":[31],"product_tag":[],"class_list":{"0":"post-1789","1":"product","2":"type-product","3":"status-publish","4":"has-post-thumbnail","6":"product_cat-chairs","8":"first","9":"instock","10":"shipping-taxable","11":"product-type-simple"},"_links":{"self":[{"href":"https:\/\/www.ansimodglobal.com\/en\/wp-json\/wp\/v2\/product\/1789","targetHints":{"allow":["GET"]}}],"collection":[{"href":"https:\/\/www.ansimodglobal.com\/en\/wp-json\/wp\/v2\/product"}],"about":[{"href":"https:\/\/www.ansimodglobal.com\/en\/wp-json\/wp\/v2\/types\/product"}],"replies":[{"embeddable":true,"href":"https:\/\/www.ansimodglobal.com\/en\/wp-json\/wp\/v2\/comments?post=1789"}],"version-history":[{"count":1,"href":"https:\/\/www.ansimodglobal.com\/en\/wp-json\/wp\/v2\/product\/1789\/revisions"}],"predecessor-version":[{"id":1792,"href":"https:\/\/www.ansimodglobal.com\/en\/wp-json\/wp\/v2\/product\/1789\/revisions\/1792"}],"wp:featuredmedia":[{"embeddable":true,"href":"https:\/\/www.ansimodglobal.com\/en\/wp-json\/wp\/v2\/media\/1790"}],"wp:attachment":[{"href":"https:\/\/www.ansimodglobal.com\/en\/wp-json\/wp\/v2\/media?parent=1789"}],"wp:term":[{"taxonomy":"product_cat","embeddable":true,"href":"https:\/\/www.ansimodglobal.com\/en\/wp-json\/wp\/v2\/product_cat?post=1789"},{"taxonomy":"product_tag","embeddable":true,"href":"https:\/\/www.ansimodglobal.com\/en\/wp-json\/wp\/v2\/product_tag?post=1789"}],"curies":[{"name":"wp","href":"https:\/\/api.w.org\/{rel}","templated":true}]}}