{"id":1884,"date":"2025-01-04T16:46:39","date_gmt":"2025-01-04T13:46:39","guid":{"rendered":"https:\/\/www.ansimodglobal.com\/en\/?post_type=product&#038;p=1884"},"modified":"2025-03-28T15:31:46","modified_gmt":"2025-03-28T12:31:46","slug":"milano-2","status":"publish","type":"product","link":"https:\/\/www.ansimodglobal.com\/en\/urun\/milano-2\/","title":{"rendered":"MILANO"},"content":{"rendered":"","protected":false},"excerpt":{"rendered":"<p>8000 metrekarelik kapal\u0131 alana sahip fabrikam\u0131z, mobilya \u00fcretiminde kalite, yenilik ve s\u00fcrd\u00fcr\u00fclebilirli\u011fi bir araya getiriyor. Modern d\u00fcnyan\u0131n ihtiya\u00e7lar\u0131na uygun tasar\u0131mlar\u0131m\u0131zla, estetik ve fonksiyonelli\u011fi ya\u015fam alanlar\u0131n\u0131za ta\u015f\u0131mak i\u00e7in \u00e7al\u0131\u015f\u0131yoruz.<\/p>\n<p>Tesisimizdeki \u00fcretim s\u00fcre\u00e7leri, ileri teknoloji ile geleneksel el i\u015f\u00e7ili\u011finin m\u00fckemmel uyumunu sergiliyor. Uzman ekibimiz, hammaddenin se\u00e7iminden \u00fcr\u00fcnlerin teslimat\u0131na kadar her a\u015famada y\u00fcksek kalite standartlar\u0131n\u0131 koruyarak \u00e7al\u0131\u015f\u0131yor.<\/p>\n","protected":false},"featured_media":1885,"comment_status":"open","ping_status":"closed","template":"","meta":[],"product_cat":[29],"product_tag":[],"class_list":{"0":"post-1884","1":"product","2":"type-product","3":"status-publish","4":"has-post-thumbnail","6":"product_cat-accessories","8":"first","9":"instock","10":"shipping-taxable","11":"product-type-simple"},"_links":{"self":[{"href":"https:\/\/www.ansimodglobal.com\/en\/wp-json\/wp\/v2\/product\/1884","targetHints":{"allow":["GET"]}}],"collection":[{"href":"https:\/\/www.ansimodglobal.com\/en\/wp-json\/wp\/v2\/product"}],"about":[{"href":"https:\/\/www.ansimodglobal.com\/en\/wp-json\/wp\/v2\/types\/product"}],"replies":[{"embeddable":true,"href":"https:\/\/www.ansimodglobal.com\/en\/wp-json\/wp\/v2\/comments?post=1884"}],"version-history":[{"count":2,"href":"https:\/\/www.ansimodglobal.com\/en\/wp-json\/wp\/v2\/product\/1884\/revisions"}],"predecessor-version":[{"id":3390,"href":"https:\/\/www.ansimodglobal.com\/en\/wp-json\/wp\/v2\/product\/1884\/revisions\/3390"}],"wp:featuredmedia":[{"embeddable":true,"href":"https:\/\/www.ansimodglobal.com\/en\/wp-json\/wp\/v2\/media\/1885"}],"wp:attachment":[{"href":"https:\/\/www.ansimodglobal.com\/en\/wp-json\/wp\/v2\/media?parent=1884"}],"wp:term":[{"taxonomy":"product_cat","embeddable":true,"href":"https:\/\/www.ansimodglobal.com\/en\/wp-json\/wp\/v2\/product_cat?post=1884"},{"taxonomy":"product_tag","embeddable":true,"href":"https:\/\/www.ansimodglobal.com\/en\/wp-json\/wp\/v2\/product_tag?post=1884"}],"curies":[{"name":"wp","href":"https:\/\/api.w.org\/{rel}","templated":true}]}}