{"id":2093,"date":"2025-01-19T16:34:39","date_gmt":"2025-01-19T13:34:39","guid":{"rendered":"https:\/\/www.ansimodglobal.com\/en\/?post_type=product&#038;p=2093"},"modified":"2025-03-28T16:32:34","modified_gmt":"2025-03-28T13:32:34","slug":"bentley","status":"publish","type":"product","link":"https:\/\/www.ansimodglobal.com\/en\/urun\/bentley\/","title":{"rendered":"BENTLEY"},"content":{"rendered":"","protected":false},"excerpt":{"rendered":"<p><b>Evinize ve zevkinize hitap eden en iyi rengi belirleyerek saraylar\u0131n g\u00f6rkemli havas\u0131n\u0131 evinizde de soluyabilirsiniz.<\/b><\/p>\n<p>L\u00fcks ve zerafetin g\u00f6rkeminden vazge\u00e7emeyenler i\u00e7in ince el i\u015f\u00e7ili\u011fi ile \u00f6zel olarak tasarlanan l\u00fcks mobilya tak\u0131mlar\u0131na hayran olacaks\u0131n\u0131z! \u0130lk bak\u0131\u015fta g\u00f6z al\u0131c\u0131 cazibesi ile dikkat \u00e7eken Bi\u00e7er Koleksiyonu, naturel oyma motifleri \u00f6n plana \u00e7\u0131kar\u0131r. Kullan\u0131lan \u00f6zel kuma\u015flar klasik tak\u0131m\u0131n\u0131z\u0131n uzun y\u0131llar keyifle kullan\u0131lmas\u0131n\u0131 sa\u011fl\u0131yor.<\/p>\n","protected":false},"featured_media":2094,"comment_status":"open","ping_status":"closed","template":"","meta":[],"product_cat":[32],"product_tag":[],"class_list":{"0":"post-2093","1":"product","2":"type-product","3":"status-publish","4":"has-post-thumbnail","6":"product_cat-sofas","8":"first","9":"instock","10":"shipping-taxable","11":"product-type-simple"},"_links":{"self":[{"href":"https:\/\/www.ansimodglobal.com\/en\/wp-json\/wp\/v2\/product\/2093","targetHints":{"allow":["GET"]}}],"collection":[{"href":"https:\/\/www.ansimodglobal.com\/en\/wp-json\/wp\/v2\/product"}],"about":[{"href":"https:\/\/www.ansimodglobal.com\/en\/wp-json\/wp\/v2\/types\/product"}],"replies":[{"embeddable":true,"href":"https:\/\/www.ansimodglobal.com\/en\/wp-json\/wp\/v2\/comments?post=2093"}],"version-history":[{"count":2,"href":"https:\/\/www.ansimodglobal.com\/en\/wp-json\/wp\/v2\/product\/2093\/revisions"}],"predecessor-version":[{"id":3463,"href":"https:\/\/www.ansimodglobal.com\/en\/wp-json\/wp\/v2\/product\/2093\/revisions\/3463"}],"wp:featuredmedia":[{"embeddable":true,"href":"https:\/\/www.ansimodglobal.com\/en\/wp-json\/wp\/v2\/media\/2094"}],"wp:attachment":[{"href":"https:\/\/www.ansimodglobal.com\/en\/wp-json\/wp\/v2\/media?parent=2093"}],"wp:term":[{"taxonomy":"product_cat","embeddable":true,"href":"https:\/\/www.ansimodglobal.com\/en\/wp-json\/wp\/v2\/product_cat?post=2093"},{"taxonomy":"product_tag","embeddable":true,"href":"https:\/\/www.ansimodglobal.com\/en\/wp-json\/wp\/v2\/product_tag?post=2093"}],"curies":[{"name":"wp","href":"https:\/\/api.w.org\/{rel}","templated":true}]}}