{"id":2206,"date":"2025-01-19T19:04:08","date_gmt":"2025-01-19T16:04:08","guid":{"rendered":"https:\/\/www.ansimodglobal.com\/en\/?post_type=product&#038;p=2206"},"modified":"2025-03-28T16:29:32","modified_gmt":"2025-03-28T13:29:32","slug":"tofino","status":"publish","type":"product","link":"https:\/\/www.ansimodglobal.com\/en\/urun\/tofino\/","title":{"rendered":"TOFINO"},"content":{"rendered":"","protected":false},"excerpt":{"rendered":"<p>Castillo, her detay\u0131n \u00f6zenle i\u015flendi\u011fi e\u015fsiz tasar\u0131mlar\u0131yla d\u0131\u015f mekanlar\u0131n\u0131za zarafet kat\u0131yor. \u015e\u0131kl\u0131k ve fonksiyonun m\u00fckemmel uyumunu siz de ya\u015fay\u0131n.<\/p>\n","protected":false},"featured_media":2207,"comment_status":"open","ping_status":"closed","template":"","meta":[],"product_cat":[87],"product_tag":[],"class_list":{"0":"post-2206","1":"product","2":"type-product","3":"status-publish","4":"has-post-thumbnail","6":"product_cat-bahce-mobilyalari","8":"first","9":"instock","10":"shipping-taxable","11":"product-type-simple"},"_links":{"self":[{"href":"https:\/\/www.ansimodglobal.com\/en\/wp-json\/wp\/v2\/product\/2206","targetHints":{"allow":["GET"]}}],"collection":[{"href":"https:\/\/www.ansimodglobal.com\/en\/wp-json\/wp\/v2\/product"}],"about":[{"href":"https:\/\/www.ansimodglobal.com\/en\/wp-json\/wp\/v2\/types\/product"}],"replies":[{"embeddable":true,"href":"https:\/\/www.ansimodglobal.com\/en\/wp-json\/wp\/v2\/comments?post=2206"}],"version-history":[{"count":2,"href":"https:\/\/www.ansimodglobal.com\/en\/wp-json\/wp\/v2\/product\/2206\/revisions"}],"predecessor-version":[{"id":3462,"href":"https:\/\/www.ansimodglobal.com\/en\/wp-json\/wp\/v2\/product\/2206\/revisions\/3462"}],"wp:featuredmedia":[{"embeddable":true,"href":"https:\/\/www.ansimodglobal.com\/en\/wp-json\/wp\/v2\/media\/2207"}],"wp:attachment":[{"href":"https:\/\/www.ansimodglobal.com\/en\/wp-json\/wp\/v2\/media?parent=2206"}],"wp:term":[{"taxonomy":"product_cat","embeddable":true,"href":"https:\/\/www.ansimodglobal.com\/en\/wp-json\/wp\/v2\/product_cat?post=2206"},{"taxonomy":"product_tag","embeddable":true,"href":"https:\/\/www.ansimodglobal.com\/en\/wp-json\/wp\/v2\/product_tag?post=2206"}],"curies":[{"name":"wp","href":"https:\/\/api.w.org\/{rel}","templated":true}]}}