{"id":2231,"date":"2025-01-19T19:23:08","date_gmt":"2025-01-19T16:23:08","guid":{"rendered":"https:\/\/www.ansimodglobal.com\/en\/?post_type=product&#038;p=2231"},"modified":"2025-03-28T16:38:39","modified_gmt":"2025-03-28T13:38:39","slug":"neva","status":"publish","type":"product","link":"https:\/\/www.ansimodglobal.com\/en\/urun\/neva\/","title":{"rendered":"NEVA"},"content":{"rendered":"","protected":false},"excerpt":{"rendered":"<h3 class=\"h3\">\u00c7OCUKLAR VE GEN\u00c7LER \u0130\u00c7\u0130N<\/h3>\n<h2 class=\"h2 mb-5\">Dayan\u0131kl\u0131, Estetik ve Ergonomik<\/h2>\n<p>\u00dcr\u00fcnlerimizin en b\u00fcy\u00fck \u00f6zelli\u011fi dayan\u0131kl\u0131, estetik ve ergonomik olu\u015fudur. Bu \u00f6zelliklere dayal\u0131 olarak, m\u00fc\u015fterilerimize &#8220;SATI\u015e SONRASI G\u00dcVENCES\u0130&#8221; sa\u011flay\u0131p, y\u00fczlerini g\u00fcld\u00fcrmek bizleri mutlu ediyor.<\/p>\n","protected":false},"featured_media":2232,"comment_status":"open","ping_status":"closed","template":"","meta":[],"product_cat":[26],"product_tag":[],"class_list":{"0":"post-2231","1":"product","2":"type-product","3":"status-publish","4":"has-post-thumbnail","6":"product_cat-toys","8":"first","9":"instock","10":"shipping-taxable","11":"product-type-simple"},"_links":{"self":[{"href":"https:\/\/www.ansimodglobal.com\/en\/wp-json\/wp\/v2\/product\/2231","targetHints":{"allow":["GET"]}}],"collection":[{"href":"https:\/\/www.ansimodglobal.com\/en\/wp-json\/wp\/v2\/product"}],"about":[{"href":"https:\/\/www.ansimodglobal.com\/en\/wp-json\/wp\/v2\/types\/product"}],"replies":[{"embeddable":true,"href":"https:\/\/www.ansimodglobal.com\/en\/wp-json\/wp\/v2\/comments?post=2231"}],"version-history":[{"count":2,"href":"https:\/\/www.ansimodglobal.com\/en\/wp-json\/wp\/v2\/product\/2231\/revisions"}],"predecessor-version":[{"id":3482,"href":"https:\/\/www.ansimodglobal.com\/en\/wp-json\/wp\/v2\/product\/2231\/revisions\/3482"}],"wp:featuredmedia":[{"embeddable":true,"href":"https:\/\/www.ansimodglobal.com\/en\/wp-json\/wp\/v2\/media\/2232"}],"wp:attachment":[{"href":"https:\/\/www.ansimodglobal.com\/en\/wp-json\/wp\/v2\/media?parent=2231"}],"wp:term":[{"taxonomy":"product_cat","embeddable":true,"href":"https:\/\/www.ansimodglobal.com\/en\/wp-json\/wp\/v2\/product_cat?post=2231"},{"taxonomy":"product_tag","embeddable":true,"href":"https:\/\/www.ansimodglobal.com\/en\/wp-json\/wp\/v2\/product_tag?post=2231"}],"curies":[{"name":"wp","href":"https:\/\/api.w.org\/{rel}","templated":true}]}}