{"id":2244,"date":"2025-01-19T19:31:42","date_gmt":"2025-01-19T16:31:42","guid":{"rendered":"https:\/\/www.ansimodglobal.com\/en\/?post_type=product&#038;p=2244"},"modified":"2025-03-28T16:25:44","modified_gmt":"2025-03-28T13:25:44","slug":"asya-6","status":"publish","type":"product","link":"https:\/\/www.ansimodglobal.com\/en\/urun\/asya-6\/","title":{"rendered":"ASYA"},"content":{"rendered":"","protected":false},"excerpt":{"rendered":"<p>Kendi \u00fcretimi olan Avangard ve L\u00fcks Mobilya koleksiyonlar\u0131, a\u011f\u0131rl\u0131kl\u0131 olarak Klasik Mobilya tarz\u0131nda \u00f6zg\u00fcn tasar\u0131mlard\u0131r. \u00c7imsan Mobilya, se\u00e7kin \u00f6rneklere sahip Koltuk Tak\u0131m\u0131, Yemek Odas\u0131, Yatak Odas\u0131 , Ofis ve Mutfak Koleksiyonlar\u0131n\u0131n yan\u0131s\u0131ra Mobilya Dekorasyon ve \u00d6zel \u00d6l\u00e7\u00fc Tasar\u0131mlarda sayg\u0131n m\u00fc\u015fterilerinin referanslar\u0131 aras\u0131nda olmas\u0131ndan gurur duymaktad\u0131r.<\/p>\n","protected":false},"featured_media":2245,"comment_status":"open","ping_status":"closed","template":"","meta":[],"product_cat":[22],"product_tag":[],"class_list":{"0":"post-2244","1":"product","2":"type-product","3":"status-publish","4":"has-post-thumbnail","6":"product_cat-beds","8":"first","9":"instock","10":"shipping-taxable","11":"product-type-simple"},"_links":{"self":[{"href":"https:\/\/www.ansimodglobal.com\/en\/wp-json\/wp\/v2\/product\/2244","targetHints":{"allow":["GET"]}}],"collection":[{"href":"https:\/\/www.ansimodglobal.com\/en\/wp-json\/wp\/v2\/product"}],"about":[{"href":"https:\/\/www.ansimodglobal.com\/en\/wp-json\/wp\/v2\/types\/product"}],"replies":[{"embeddable":true,"href":"https:\/\/www.ansimodglobal.com\/en\/wp-json\/wp\/v2\/comments?post=2244"}],"version-history":[{"count":2,"href":"https:\/\/www.ansimodglobal.com\/en\/wp-json\/wp\/v2\/product\/2244\/revisions"}],"predecessor-version":[{"id":3446,"href":"https:\/\/www.ansimodglobal.com\/en\/wp-json\/wp\/v2\/product\/2244\/revisions\/3446"}],"wp:featuredmedia":[{"embeddable":true,"href":"https:\/\/www.ansimodglobal.com\/en\/wp-json\/wp\/v2\/media\/2245"}],"wp:attachment":[{"href":"https:\/\/www.ansimodglobal.com\/en\/wp-json\/wp\/v2\/media?parent=2244"}],"wp:term":[{"taxonomy":"product_cat","embeddable":true,"href":"https:\/\/www.ansimodglobal.com\/en\/wp-json\/wp\/v2\/product_cat?post=2244"},{"taxonomy":"product_tag","embeddable":true,"href":"https:\/\/www.ansimodglobal.com\/en\/wp-json\/wp\/v2\/product_tag?post=2244"}],"curies":[{"name":"wp","href":"https:\/\/api.w.org\/{rel}","templated":true}]}}