{"id":2305,"date":"2025-01-19T19:56:49","date_gmt":"2025-01-19T16:56:49","guid":{"rendered":"https:\/\/www.ansimodglobal.com\/en\/?post_type=product&#038;p=2305"},"modified":"2025-03-28T16:18:34","modified_gmt":"2025-03-28T13:18:34","slug":"presso","status":"publish","type":"product","link":"https:\/\/www.ansimodglobal.com\/en\/urun\/presso\/","title":{"rendered":"PRESSO"},"content":{"rendered":"","protected":false},"excerpt":{"rendered":"<p><b>D\u00fcnya sekt\u00f6r\u00fcnde trendleri takip eden Lutra, \u00fclkemiz trendlerinin de olu\u015fumunda pay sahibidir. Modernin yan\u0131nda g\u00fcn\u00fcm\u00fcz trendi olan avangard tarzda mobilyalar da \u00fcreterek, her zevke hitap etti\u011fi gibi, ki\u015fiye \u00f6zel tasar\u0131mlar yapan Lutra, 10.000 m2 kapal\u0131 alan\u0131 bulunmakta olan kendi fabrikas\u0131nda, deneyimli mimar ve i\u00e7 mimarlardan olu\u015fan tasar\u0131m ekibiyle, 100 personel ile birlikte \u00fcretim yapmaktad\u0131r.<\/b><\/p>\n","protected":false},"featured_media":2306,"comment_status":"open","ping_status":"closed","template":"","meta":[],"product_cat":[29],"product_tag":[],"class_list":{"0":"post-2305","1":"product","2":"type-product","3":"status-publish","4":"has-post-thumbnail","6":"product_cat-accessories","8":"first","9":"instock","10":"shipping-taxable","11":"product-type-simple"},"_links":{"self":[{"href":"https:\/\/www.ansimodglobal.com\/en\/wp-json\/wp\/v2\/product\/2305","targetHints":{"allow":["GET"]}}],"collection":[{"href":"https:\/\/www.ansimodglobal.com\/en\/wp-json\/wp\/v2\/product"}],"about":[{"href":"https:\/\/www.ansimodglobal.com\/en\/wp-json\/wp\/v2\/types\/product"}],"replies":[{"embeddable":true,"href":"https:\/\/www.ansimodglobal.com\/en\/wp-json\/wp\/v2\/comments?post=2305"}],"version-history":[{"count":2,"href":"https:\/\/www.ansimodglobal.com\/en\/wp-json\/wp\/v2\/product\/2305\/revisions"}],"predecessor-version":[{"id":3431,"href":"https:\/\/www.ansimodglobal.com\/en\/wp-json\/wp\/v2\/product\/2305\/revisions\/3431"}],"wp:featuredmedia":[{"embeddable":true,"href":"https:\/\/www.ansimodglobal.com\/en\/wp-json\/wp\/v2\/media\/2306"}],"wp:attachment":[{"href":"https:\/\/www.ansimodglobal.com\/en\/wp-json\/wp\/v2\/media?parent=2305"}],"wp:term":[{"taxonomy":"product_cat","embeddable":true,"href":"https:\/\/www.ansimodglobal.com\/en\/wp-json\/wp\/v2\/product_cat?post=2305"},{"taxonomy":"product_tag","embeddable":true,"href":"https:\/\/www.ansimodglobal.com\/en\/wp-json\/wp\/v2\/product_tag?post=2305"}],"curies":[{"name":"wp","href":"https:\/\/api.w.org\/{rel}","templated":true}]}}