{"id":2513,"date":"2025-02-10T18:26:06","date_gmt":"2025-02-10T15:26:06","guid":{"rendered":"https:\/\/www.ansimodglobal.com\/en\/?post_type=product&#038;p=2513"},"modified":"2025-03-28T15:37:11","modified_gmt":"2025-03-28T12:37:11","slug":"eco-bohem-2","status":"publish","type":"product","link":"https:\/\/www.ansimodglobal.com\/en\/urun\/eco-bohem-2\/","title":{"rendered":"ECO BOHEM"},"content":{"rendered":"","protected":false},"excerpt":{"rendered":"<p>Yeni ev kurmak yeni bir d\u00fczen kurmak gibidir.\u00a0D\u00fc\u011f\u00fcn haz\u0131rl\u0131k s\u00fcreci al\u0131\u015fveri\u015f yapman\u0131n, yuva kurman\u0131n heyecan\u0131 farkl\u0131d\u0131r. Size en iyi hizmeti verebilmek i\u00e7in geni\u015f \u00fcr\u00fcn yelpazemizden her b\u00fct\u00e7eye uygun fiyat\u0131 \u00e7al\u0131\u015farak sizlere en iyi \u015fekilde sunuyoruz.\u00a0\u00c7eyiz paketi\u00a0al\u0131\u015fveri\u015flerinin ekonomik fiyatl\u0131 modelleri sitemizden sat\u0131\u015fa sunulmaktad\u0131r.\u00a0Evlilik paketi\u00a0evinizin her odas\u0131nda bulunan\u00a0<a href=\"https:\/\/www.modalife.com\/mobilya,TA-715.html\">mobilya<\/a>lar\u0131n\u0131z\u0131 uyumlu olacak \u015fekilde sizlere kombin olarak sat\u0131\u015fa sunulmaktad\u0131r.\u00a0D\u00fc\u011f\u00fcn paketleri\u00a0<a href=\"https:\/\/www.modalife.com\/kategori\/yatak-odasi-takimlari\">yatak odas\u0131 tak\u0131m\u0131<\/a>,\u00a0<a href=\"https:\/\/www.modalife.com\/kategori\/yemek-odasi-takimlari\">yemek odas\u0131 tak\u0131m\u0131<\/a>\u00a0ve\u00a0<a href=\"https:\/\/www.modalife.com\/kategori\/koltuk-takimi-mobilyalari\">koltuk tak\u0131m\u0131<\/a>\u00a0mobilyalar\u0131n\u0131 i\u00e7ermektedir.\u00a0Evlenecek \u00e7iftlere, evini yenilemek isteyenlere \u00f6zel avantajl\u0131\u00a0d\u00fc\u011f\u00fcn paketi\u00a0mobilyalar\u0131n\u0131 Modalife Mobilya\u00a0<a href=\"https:\/\/www.modalife.com\/sayfa\/fabrika-satis-magazalarimiz-subelerimiz\">ma\u011fazalar\u0131m\u0131z<\/a>da ve\u00a0 web sitemizde bulabilirsiniz.<\/p>\n","protected":false},"featured_media":2514,"comment_status":"open","ping_status":"closed","template":"","meta":[],"product_cat":[22],"product_tag":[],"class_list":{"0":"post-2513","1":"product","2":"type-product","3":"status-publish","4":"has-post-thumbnail","6":"product_cat-beds","8":"first","9":"instock","10":"shipping-taxable","11":"product-type-simple"},"_links":{"self":[{"href":"https:\/\/www.ansimodglobal.com\/en\/wp-json\/wp\/v2\/product\/2513","targetHints":{"allow":["GET"]}}],"collection":[{"href":"https:\/\/www.ansimodglobal.com\/en\/wp-json\/wp\/v2\/product"}],"about":[{"href":"https:\/\/www.ansimodglobal.com\/en\/wp-json\/wp\/v2\/types\/product"}],"replies":[{"embeddable":true,"href":"https:\/\/www.ansimodglobal.com\/en\/wp-json\/wp\/v2\/comments?post=2513"}],"version-history":[{"count":2,"href":"https:\/\/www.ansimodglobal.com\/en\/wp-json\/wp\/v2\/product\/2513\/revisions"}],"predecessor-version":[{"id":3408,"href":"https:\/\/www.ansimodglobal.com\/en\/wp-json\/wp\/v2\/product\/2513\/revisions\/3408"}],"wp:featuredmedia":[{"embeddable":true,"href":"https:\/\/www.ansimodglobal.com\/en\/wp-json\/wp\/v2\/media\/2514"}],"wp:attachment":[{"href":"https:\/\/www.ansimodglobal.com\/en\/wp-json\/wp\/v2\/media?parent=2513"}],"wp:term":[{"taxonomy":"product_cat","embeddable":true,"href":"https:\/\/www.ansimodglobal.com\/en\/wp-json\/wp\/v2\/product_cat?post=2513"},{"taxonomy":"product_tag","embeddable":true,"href":"https:\/\/www.ansimodglobal.com\/en\/wp-json\/wp\/v2\/product_tag?post=2513"}],"curies":[{"name":"wp","href":"https:\/\/api.w.org\/{rel}","templated":true}]}}