{"id":2741,"date":"2025-02-24T15:35:36","date_gmt":"2025-02-24T12:35:36","guid":{"rendered":"https:\/\/www.ansimodglobal.com\/en\/?post_type=product&#038;p=2741"},"modified":"2025-03-28T16:22:36","modified_gmt":"2025-03-28T13:22:36","slug":"sarayli-3","status":"publish","type":"product","link":"https:\/\/www.ansimodglobal.com\/en\/urun\/sarayli-3\/","title":{"rendered":"SARAYLI"},"content":{"rendered":"","protected":false},"excerpt":{"rendered":"<p>Bronz i\u015f\u00e7ili\u011fi, Elig\u00fcl Bronz&#8217;un tarz\u0131n\u0131n temel ta\u015f\u0131n\u0131 olu\u015fturur ve Osmanl\u0131 d\u00f6neminden gelen bu geleneksel i\u015f\u00e7ilik, mobilyalara zamans\u0131z bir de\u011fer katmaktad\u0131r. Elig\u00fcl Bronz mobilyalar\u0131, y\u0131lland\u0131k\u00e7a de\u011fer kaybetmeden, \u00f6zg\u00fcnl\u00fc\u011f\u00fcn\u00fc koruyarak uzun y\u0131llar boyunca kullan\u0131labilir. &#8220;Elig\u00fcl tarz\u0131&#8221;, her detayda kendini g\u00f6steren \u00f6zg\u00fcn tasar\u0131mlarla, mobilyalar\u0131 zamans\u0131z ve de\u011ferli k\u0131lmaktad\u0131r.<\/p>\n","protected":false},"featured_media":2742,"comment_status":"open","ping_status":"closed","template":"","meta":[],"product_cat":[33],"product_tag":[],"class_list":{"0":"post-2741","1":"product","2":"type-product","3":"status-publish","4":"has-post-thumbnail","6":"product_cat-tables","8":"first","9":"instock","10":"shipping-taxable","11":"product-type-simple"},"_links":{"self":[{"href":"https:\/\/www.ansimodglobal.com\/en\/wp-json\/wp\/v2\/product\/2741","targetHints":{"allow":["GET"]}}],"collection":[{"href":"https:\/\/www.ansimodglobal.com\/en\/wp-json\/wp\/v2\/product"}],"about":[{"href":"https:\/\/www.ansimodglobal.com\/en\/wp-json\/wp\/v2\/types\/product"}],"replies":[{"embeddable":true,"href":"https:\/\/www.ansimodglobal.com\/en\/wp-json\/wp\/v2\/comments?post=2741"}],"version-history":[{"count":2,"href":"https:\/\/www.ansimodglobal.com\/en\/wp-json\/wp\/v2\/product\/2741\/revisions"}],"predecessor-version":[{"id":3440,"href":"https:\/\/www.ansimodglobal.com\/en\/wp-json\/wp\/v2\/product\/2741\/revisions\/3440"}],"wp:featuredmedia":[{"embeddable":true,"href":"https:\/\/www.ansimodglobal.com\/en\/wp-json\/wp\/v2\/media\/2742"}],"wp:attachment":[{"href":"https:\/\/www.ansimodglobal.com\/en\/wp-json\/wp\/v2\/media?parent=2741"}],"wp:term":[{"taxonomy":"product_cat","embeddable":true,"href":"https:\/\/www.ansimodglobal.com\/en\/wp-json\/wp\/v2\/product_cat?post=2741"},{"taxonomy":"product_tag","embeddable":true,"href":"https:\/\/www.ansimodglobal.com\/en\/wp-json\/wp\/v2\/product_tag?post=2741"}],"curies":[{"name":"wp","href":"https:\/\/api.w.org\/{rel}","templated":true}]}}