{"id":2788,"date":"2025-02-24T15:56:40","date_gmt":"2025-02-24T12:56:40","guid":{"rendered":"https:\/\/www.ansimodglobal.com\/en\/?post_type=product&#038;p=2788"},"modified":"2025-03-28T16:12:46","modified_gmt":"2025-03-28T13:12:46","slug":"nova-2","status":"publish","type":"product","link":"https:\/\/www.ansimodglobal.com\/en\/urun\/nova-2\/","title":{"rendered":"NOVA"},"content":{"rendered":"","protected":false},"excerpt":{"rendered":"<p><strong>Tutkulu ya\u015fam alanlar\u0131!<\/strong><\/p>\n<section class=\"image-half p0  \">\n<div class=\"container\">\n<div class=\"col-lg-6 col-lg-pull-0 pr-l-80 vertical-alignment\">\n<div class=\"widgetsubtitle\">\u00d6zg\u00fcn tasar\u0131m, zarafet ve rahatl\u0131\u011f\u0131 farkl\u0131 kombinasyonlarla birle\u015ftirerek sade ve dikkat \u00e7eken modern ruhlu mekanlar tasarl\u0131yoruz!<\/div>\n<\/div>\n<\/div>\n<\/section>\n","protected":false},"featured_media":2789,"comment_status":"open","ping_status":"closed","template":"","meta":[],"product_cat":[29],"product_tag":[],"class_list":{"0":"post-2788","1":"product","2":"type-product","3":"status-publish","4":"has-post-thumbnail","6":"product_cat-accessories","8":"first","9":"instock","10":"shipping-taxable","11":"product-type-simple"},"_links":{"self":[{"href":"https:\/\/www.ansimodglobal.com\/en\/wp-json\/wp\/v2\/product\/2788","targetHints":{"allow":["GET"]}}],"collection":[{"href":"https:\/\/www.ansimodglobal.com\/en\/wp-json\/wp\/v2\/product"}],"about":[{"href":"https:\/\/www.ansimodglobal.com\/en\/wp-json\/wp\/v2\/types\/product"}],"replies":[{"embeddable":true,"href":"https:\/\/www.ansimodglobal.com\/en\/wp-json\/wp\/v2\/comments?post=2788"}],"version-history":[{"count":2,"href":"https:\/\/www.ansimodglobal.com\/en\/wp-json\/wp\/v2\/product\/2788\/revisions"}],"predecessor-version":[{"id":3415,"href":"https:\/\/www.ansimodglobal.com\/en\/wp-json\/wp\/v2\/product\/2788\/revisions\/3415"}],"wp:featuredmedia":[{"embeddable":true,"href":"https:\/\/www.ansimodglobal.com\/en\/wp-json\/wp\/v2\/media\/2789"}],"wp:attachment":[{"href":"https:\/\/www.ansimodglobal.com\/en\/wp-json\/wp\/v2\/media?parent=2788"}],"wp:term":[{"taxonomy":"product_cat","embeddable":true,"href":"https:\/\/www.ansimodglobal.com\/en\/wp-json\/wp\/v2\/product_cat?post=2788"},{"taxonomy":"product_tag","embeddable":true,"href":"https:\/\/www.ansimodglobal.com\/en\/wp-json\/wp\/v2\/product_tag?post=2788"}],"curies":[{"name":"wp","href":"https:\/\/api.w.org\/{rel}","templated":true}]}}