{"id":2810,"date":"2025-02-24T16:08:44","date_gmt":"2025-02-24T13:08:44","guid":{"rendered":"https:\/\/www.ansimodglobal.com\/en\/?post_type=product&#038;p=2810"},"modified":"2025-03-28T16:13:09","modified_gmt":"2025-03-28T13:13:09","slug":"polar","status":"publish","type":"product","link":"https:\/\/www.ansimodglobal.com\/en\/urun\/polar\/","title":{"rendered":"POLAR"},"content":{"rendered":"","protected":false},"excerpt":{"rendered":"<p><strong>Tutkulu ya\u015fam alanlar\u0131!<\/strong><\/p>\n<section class=\"image-half p0  \">\n<div class=\"container\">\n<div class=\"col-lg-6 col-lg-pull-0 pr-l-80 vertical-alignment\">\n<div class=\"widgetsubtitle\">\u00d6zg\u00fcn tasar\u0131m, zarafet ve rahatl\u0131\u011f\u0131 farkl\u0131 kombinasyonlarla birle\u015ftirerek sade ve dikkat \u00e7eken modern ruhlu mekanlar tasarl\u0131yoruz!<\/div>\n<\/div>\n<\/div>\n<\/section>\n","protected":false},"featured_media":2812,"comment_status":"open","ping_status":"closed","template":"","meta":[],"product_cat":[32],"product_tag":[],"class_list":{"0":"post-2810","1":"product","2":"type-product","3":"status-publish","4":"has-post-thumbnail","6":"product_cat-sofas","8":"first","9":"instock","10":"shipping-taxable","11":"product-type-simple"},"_links":{"self":[{"href":"https:\/\/www.ansimodglobal.com\/en\/wp-json\/wp\/v2\/product\/2810","targetHints":{"allow":["GET"]}}],"collection":[{"href":"https:\/\/www.ansimodglobal.com\/en\/wp-json\/wp\/v2\/product"}],"about":[{"href":"https:\/\/www.ansimodglobal.com\/en\/wp-json\/wp\/v2\/types\/product"}],"replies":[{"embeddable":true,"href":"https:\/\/www.ansimodglobal.com\/en\/wp-json\/wp\/v2\/comments?post=2810"}],"version-history":[{"count":2,"href":"https:\/\/www.ansimodglobal.com\/en\/wp-json\/wp\/v2\/product\/2810\/revisions"}],"predecessor-version":[{"id":3418,"href":"https:\/\/www.ansimodglobal.com\/en\/wp-json\/wp\/v2\/product\/2810\/revisions\/3418"}],"wp:featuredmedia":[{"embeddable":true,"href":"https:\/\/www.ansimodglobal.com\/en\/wp-json\/wp\/v2\/media\/2812"}],"wp:attachment":[{"href":"https:\/\/www.ansimodglobal.com\/en\/wp-json\/wp\/v2\/media?parent=2810"}],"wp:term":[{"taxonomy":"product_cat","embeddable":true,"href":"https:\/\/www.ansimodglobal.com\/en\/wp-json\/wp\/v2\/product_cat?post=2810"},{"taxonomy":"product_tag","embeddable":true,"href":"https:\/\/www.ansimodglobal.com\/en\/wp-json\/wp\/v2\/product_tag?post=2810"}],"curies":[{"name":"wp","href":"https:\/\/api.w.org\/{rel}","templated":true}]}}