{"id":3010,"date":"2025-03-27T14:11:14","date_gmt":"2025-03-27T11:11:14","guid":{"rendered":"https:\/\/www.ansimodglobal.com\/en\/?post_type=product&#038;p=3010"},"modified":"2025-03-28T15:24:56","modified_gmt":"2025-03-28T12:24:56","slug":"santa","status":"publish","type":"product","link":"https:\/\/www.ansimodglobal.com\/en\/urun\/santa\/","title":{"rendered":"SANTA"},"content":{"rendered":"","protected":false},"excerpt":{"rendered":"<p><strong>\u0130lham veren fikirler, AKM Mobilya ma\u011fazalar\u0131nda!<\/strong><\/p>\n<p>Tarz\u0131n\u0131z ne olursa olsun, size en yak\u0131n ma\u011fazam\u0131zdaki i\u00e7mimarlar\u0131m\u0131z ile ya\u015fam alanlar\u0131n\u0131z\u0131, t\u00fcm detaylar\u0131 ile tasarlar ve uygular\u0131z. Akm Mobilya Koleksiyonu, ki\u015fiye \u00f6zel dekorasyon fikirleri ile ya\u015fam alanlar\u0131n\u0131zda&#8230;<\/p>\n","protected":false},"featured_media":3011,"comment_status":"open","ping_status":"closed","template":"","meta":[],"product_cat":[32],"product_tag":[],"class_list":{"0":"post-3010","1":"product","2":"type-product","3":"status-publish","4":"has-post-thumbnail","6":"product_cat-sofas","8":"first","9":"instock","10":"shipping-taxable","11":"product-type-simple"},"_links":{"self":[{"href":"https:\/\/www.ansimodglobal.com\/en\/wp-json\/wp\/v2\/product\/3010","targetHints":{"allow":["GET"]}}],"collection":[{"href":"https:\/\/www.ansimodglobal.com\/en\/wp-json\/wp\/v2\/product"}],"about":[{"href":"https:\/\/www.ansimodglobal.com\/en\/wp-json\/wp\/v2\/types\/product"}],"replies":[{"embeddable":true,"href":"https:\/\/www.ansimodglobal.com\/en\/wp-json\/wp\/v2\/comments?post=3010"}],"version-history":[{"count":2,"href":"https:\/\/www.ansimodglobal.com\/en\/wp-json\/wp\/v2\/product\/3010\/revisions"}],"predecessor-version":[{"id":3373,"href":"https:\/\/www.ansimodglobal.com\/en\/wp-json\/wp\/v2\/product\/3010\/revisions\/3373"}],"wp:featuredmedia":[{"embeddable":true,"href":"https:\/\/www.ansimodglobal.com\/en\/wp-json\/wp\/v2\/media\/3011"}],"wp:attachment":[{"href":"https:\/\/www.ansimodglobal.com\/en\/wp-json\/wp\/v2\/media?parent=3010"}],"wp:term":[{"taxonomy":"product_cat","embeddable":true,"href":"https:\/\/www.ansimodglobal.com\/en\/wp-json\/wp\/v2\/product_cat?post=3010"},{"taxonomy":"product_tag","embeddable":true,"href":"https:\/\/www.ansimodglobal.com\/en\/wp-json\/wp\/v2\/product_tag?post=3010"}],"curies":[{"name":"wp","href":"https:\/\/api.w.org\/{rel}","templated":true}]}}