{"id":3114,"date":"2025-03-27T14:27:03","date_gmt":"2025-03-27T11:27:03","guid":{"rendered":"https:\/\/www.ansimodglobal.com\/en\/?post_type=product&#038;p=3114"},"modified":"2025-03-28T15:22:15","modified_gmt":"2025-03-28T12:22:15","slug":"regina-3","status":"publish","type":"product","link":"https:\/\/www.ansimodglobal.com\/en\/urun\/regina-3\/","title":{"rendered":"REGINA"},"content":{"rendered":"","protected":false},"excerpt":{"rendered":"<p><strong>\u0130lham veren fikirler, intrahome ma\u011fazalar\u0131nda!<\/strong><\/p>\n<p>Tarz\u0131n\u0131z ne olursa olsun, size en yak\u0131n ma\u011fazam\u0131zdaki i\u00e7mimarlar\u0131m\u0131z ile ya\u015fam alanlar\u0131n\u0131z\u0131, t\u00fcm detaylar\u0131 ile tasarlar ve uygular\u0131z. intrahome Koleksiyonu, ki\u015fiye \u00f6zel dekorasyon fikirleri ile ya\u015fam alanlar\u0131n\u0131zda&#8230;<\/p>\n","protected":false},"featured_media":3116,"comment_status":"open","ping_status":"closed","template":"","meta":[],"product_cat":[33],"product_tag":[],"class_list":{"0":"post-3114","1":"product","2":"type-product","3":"status-publish","4":"has-post-thumbnail","6":"product_cat-tables","8":"first","9":"instock","10":"shipping-taxable","11":"product-type-simple"},"_links":{"self":[{"href":"https:\/\/www.ansimodglobal.com\/en\/wp-json\/wp\/v2\/product\/3114","targetHints":{"allow":["GET"]}}],"collection":[{"href":"https:\/\/www.ansimodglobal.com\/en\/wp-json\/wp\/v2\/product"}],"about":[{"href":"https:\/\/www.ansimodglobal.com\/en\/wp-json\/wp\/v2\/types\/product"}],"replies":[{"embeddable":true,"href":"https:\/\/www.ansimodglobal.com\/en\/wp-json\/wp\/v2\/comments?post=3114"}],"version-history":[{"count":2,"href":"https:\/\/www.ansimodglobal.com\/en\/wp-json\/wp\/v2\/product\/3114\/revisions"}],"predecessor-version":[{"id":3360,"href":"https:\/\/www.ansimodglobal.com\/en\/wp-json\/wp\/v2\/product\/3114\/revisions\/3360"}],"wp:featuredmedia":[{"embeddable":true,"href":"https:\/\/www.ansimodglobal.com\/en\/wp-json\/wp\/v2\/media\/3116"}],"wp:attachment":[{"href":"https:\/\/www.ansimodglobal.com\/en\/wp-json\/wp\/v2\/media?parent=3114"}],"wp:term":[{"taxonomy":"product_cat","embeddable":true,"href":"https:\/\/www.ansimodglobal.com\/en\/wp-json\/wp\/v2\/product_cat?post=3114"},{"taxonomy":"product_tag","embeddable":true,"href":"https:\/\/www.ansimodglobal.com\/en\/wp-json\/wp\/v2\/product_tag?post=3114"}],"curies":[{"name":"wp","href":"https:\/\/api.w.org\/{rel}","templated":true}]}}