{"id":3208,"date":"2025-03-27T14:45:10","date_gmt":"2025-03-27T11:45:10","guid":{"rendered":"https:\/\/www.ansimodglobal.com\/en\/?post_type=product&#038;p=3208"},"modified":"2025-03-28T15:27:10","modified_gmt":"2025-03-28T12:27:10","slug":"zambak","status":"publish","type":"product","link":"https:\/\/www.ansimodglobal.com\/en\/urun\/zambak\/","title":{"rendered":"ZAMBAK"},"content":{"rendered":"","protected":false},"excerpt":{"rendered":"<p>Yatak baza ve ba\u015fl\u0131k setleri, farkl\u0131 renk se\u00e7enekleriyle mekana estetik bir dokunu\u015f sa\u011flar. Her zevke ve dekorasyon tarz\u0131na uygun tonlar aras\u0131nda se\u00e7im yapmak, ki\u015fisel tarz\u0131n\u0131z\u0131 yans\u0131tman\u0131n ve ya\u015fam alan\u0131n\u0131z\u0131 \u00f6zelle\u015ftirmenin keyfini ya\u015fat\u0131r. Canl\u0131 renkler enerji verirken, pastel tonlar sakinlik ve huzur atmosferi olu\u015fturur. Klasik beyaz veya siyah ise zamans\u0131z bir \u015f\u0131kl\u0131k sunar. Renk se\u00e7imiyle mekan\u0131n atmosferini d\u00f6n\u00fc\u015ft\u00fcrmek m\u00fcmk\u00fcn olurken, ayn\u0131 zamanda konforlu bir uyku alan\u0131 olu\u015fturman\u0131n da keyfi \u00e7\u0131kar\u0131labilir.<\/p>\n<p>Diledi\u011finiz yatak, baza ve setten olu\u015fan \u00fcr\u00fcn i\u00e7in, diledi\u011finiz renk ve \u00f6l\u00e7\u00fc ile sipari\u015f verebilirsiniz.<\/p>\n","protected":false},"featured_media":3209,"comment_status":"open","ping_status":"closed","template":"","meta":[],"product_cat":[88],"product_tag":[],"class_list":{"0":"post-3208","1":"product","2":"type-product","3":"status-publish","4":"has-post-thumbnail","6":"product_cat-yatak-ve-bazalar","8":"first","9":"instock","10":"shipping-taxable","11":"product-type-simple"},"_links":{"self":[{"href":"https:\/\/www.ansimodglobal.com\/en\/wp-json\/wp\/v2\/product\/3208","targetHints":{"allow":["GET"]}}],"collection":[{"href":"https:\/\/www.ansimodglobal.com\/en\/wp-json\/wp\/v2\/product"}],"about":[{"href":"https:\/\/www.ansimodglobal.com\/en\/wp-json\/wp\/v2\/types\/product"}],"replies":[{"embeddable":true,"href":"https:\/\/www.ansimodglobal.com\/en\/wp-json\/wp\/v2\/comments?post=3208"}],"version-history":[{"count":2,"href":"https:\/\/www.ansimodglobal.com\/en\/wp-json\/wp\/v2\/product\/3208\/revisions"}],"predecessor-version":[{"id":3381,"href":"https:\/\/www.ansimodglobal.com\/en\/wp-json\/wp\/v2\/product\/3208\/revisions\/3381"}],"wp:featuredmedia":[{"embeddable":true,"href":"https:\/\/www.ansimodglobal.com\/en\/wp-json\/wp\/v2\/media\/3209"}],"wp:attachment":[{"href":"https:\/\/www.ansimodglobal.com\/en\/wp-json\/wp\/v2\/media?parent=3208"}],"wp:term":[{"taxonomy":"product_cat","embeddable":true,"href":"https:\/\/www.ansimodglobal.com\/en\/wp-json\/wp\/v2\/product_cat?post=3208"},{"taxonomy":"product_tag","embeddable":true,"href":"https:\/\/www.ansimodglobal.com\/en\/wp-json\/wp\/v2\/product_tag?post=3208"}],"curies":[{"name":"wp","href":"https:\/\/api.w.org\/{rel}","templated":true}]}}