{"id":3518,"date":"2025-05-08T16:05:19","date_gmt":"2025-05-08T13:05:19","guid":{"rendered":"https:\/\/www.ansimodglobal.com\/en\/?post_type=product&#038;p=3518"},"modified":"2025-05-08T16:07:46","modified_gmt":"2025-05-08T13:07:46","slug":"arya-4","status":"publish","type":"product","link":"https:\/\/www.ansimodglobal.com\/en\/urun\/arya-4\/","title":{"rendered":"ARYA"},"content":{"rendered":"","protected":false},"excerpt":{"rendered":"<p>Country mobilyalar samimi, s\u0131cak, m\u00fctevazi ve g\u00f6steri\u015ften uzak ama \u015f\u0131kt\u0131r. Kulland\u0131\u011f\u0131n\u0131z zaman ya\u015fam\u0131n bizlere getirmi\u015f oldu\u011fu stres\u2019ten uzakla\u015ft\u0131ran o hep \u00f6zledi\u011fimiz do\u011fal hayat\u0131 \u00e7a\u011fr\u0131\u015ft\u0131ran ama g\u00fcn\u00fcm\u00fcz\u00fcn modern ya\u015fam tarz\u0131n\u0131 yakalayan mobilyalard\u0131r. Country mobilyalar ge\u00e7mi\u015ften g\u00fcn\u00fcm\u00fcz\u00fc birle\u015ftiren ba\u011f gibidir.Genellikle Country mobilya tarz\u0131nda kullan\u0131lan a\u011fa\u00e7lar, Ladin, k\u00f6knar, ak\u00e7aa\u011fa\u00e7, kestane, ceviz ve g\u00fcrgen gibi a\u011fa\u00e7 t\u00fcrleridir.<\/p>\n","protected":false},"featured_media":3519,"comment_status":"open","ping_status":"closed","template":"","meta":[],"product_cat":[32],"product_tag":[],"class_list":{"0":"post-3518","1":"product","2":"type-product","3":"status-publish","4":"has-post-thumbnail","6":"product_cat-sofas","8":"first","9":"instock","10":"shipping-taxable","11":"product-type-simple"},"_links":{"self":[{"href":"https:\/\/www.ansimodglobal.com\/en\/wp-json\/wp\/v2\/product\/3518","targetHints":{"allow":["GET"]}}],"collection":[{"href":"https:\/\/www.ansimodglobal.com\/en\/wp-json\/wp\/v2\/product"}],"about":[{"href":"https:\/\/www.ansimodglobal.com\/en\/wp-json\/wp\/v2\/types\/product"}],"replies":[{"embeddable":true,"href":"https:\/\/www.ansimodglobal.com\/en\/wp-json\/wp\/v2\/comments?post=3518"}],"version-history":[{"count":1,"href":"https:\/\/www.ansimodglobal.com\/en\/wp-json\/wp\/v2\/product\/3518\/revisions"}],"predecessor-version":[{"id":3524,"href":"https:\/\/www.ansimodglobal.com\/en\/wp-json\/wp\/v2\/product\/3518\/revisions\/3524"}],"wp:featuredmedia":[{"embeddable":true,"href":"https:\/\/www.ansimodglobal.com\/en\/wp-json\/wp\/v2\/media\/3519"}],"wp:attachment":[{"href":"https:\/\/www.ansimodglobal.com\/en\/wp-json\/wp\/v2\/media?parent=3518"}],"wp:term":[{"taxonomy":"product_cat","embeddable":true,"href":"https:\/\/www.ansimodglobal.com\/en\/wp-json\/wp\/v2\/product_cat?post=3518"},{"taxonomy":"product_tag","embeddable":true,"href":"https:\/\/www.ansimodglobal.com\/en\/wp-json\/wp\/v2\/product_tag?post=3518"}],"curies":[{"name":"wp","href":"https:\/\/api.w.org\/{rel}","templated":true}]}}